{"id":9,"date":"2017-03-24T15:54:06","date_gmt":"2017-03-24T14:54:06","guid":{"rendered":"https:\/\/hardearly.com\/2bisbros\/?page_id=9"},"modified":"2025-09-04T18:52:06","modified_gmt":"2025-09-04T16:52:06","slug":"2-bis-brothers-site-officiel","status":"publish","type":"page","link":"https:\/\/hardearly.com\/2bisbros\/","title":{"rendered":"Accueil"},"content":{"rendered":"\n<style type=\"text\/css\" data-created_by=\"avia_inline_auto\" id=\"style-css-av-9akf-8b5e6e1d842ad0c4252aa515c285d7ea\">\n.flex_column.av-9akf-8b5e6e1d842ad0c4252aa515c285d7ea{\nborder-radius:0px 0px 0px 0px;\npadding:0px 0px 0px 0px;\n}\n<\/style>\n<div  class='flex_column av-9akf-8b5e6e1d842ad0c4252aa515c285d7ea av_three_fifth  avia-builder-el-0  el_before_av_two_fifth  avia-builder-el-first  first flex_column_div av-zero-column-padding  '     ><section  class='av_textblock_section av-85rt-74b6567ba7149037c02baf57c391e3aa '   itemscope=\"itemscope\" itemtype=\"https:\/\/schema.org\/CreativeWork\" ><div class='avia_textblock'  itemprop=\"text\" ><p style=\"text-align: center;\"><span style=\"font-size: 12pt;\"><strong>2 BIS BROTHERS &#8211; Site Officiel<\/strong><\/span><\/p>\n<p style=\"text-align: center;\"><img loading=\"lazy\" decoding=\"async\" class=\"alignnone\" src=\"https:\/\/hardearly.com\/2bisbros\/wp-content\/uploads\/2017\/03\/imdf.jpg\" alt=\"\" width=\"131\" height=\"52\" border=\"0\"><\/p>\n<div style=\"text-align: justify;\"><span style=\"font-size: 10pt; color: #b39542; font-family: helvetica, arial, sans-serif;\"> Apr\u00e8s avoir tourn\u00e9 dans plusieurs pays (France, Allemagne, Angleterre, Italie) dans diff\u00e9rentes formations et depuis plus de 20 ans, Eric MOUTARD (Chant \/ Guitare) et Jean-Philippe BERNAUX (Chant \/ Basse) forment en 2001 le duo de pop-akoustik 2 BIS BROTHERS. <\/span><\/div>\n<div style=\"text-align: justify;\"><strong>&nbsp;<\/strong><\/div>\n<div style=\"text-align: center;\">\n<p style=\"text-align: center;\"><img loading=\"lazy\" decoding=\"async\" class=\"alignnone\" src=\"https:\/\/hardearly.com\/2bisbros\/wp-content\/uploads\/2017\/03\/imdf.jpg\" alt=\"\" width=\"141\" height=\"56\" border=\"0\"><\/p>\n<p style=\"text-align: center;\">&nbsp;<\/p>\n<\/div>\n<div>\n<p style=\"text-align: justify;\"><span style=\"font-size: 10pt; color: #b39542; font-family: helvetica, arial, sans-serif;\"> Cette formation entra\u00eene son public dans un univers musical allant des 60\u2019 aux ann\u00e9es 2000 (Ed Sheeran, Miley Cyrus, Bob Marley, Souchon, Gainsbourg, Oasis, Red Hot Chili Peppers, Beatles \u2026.) avec des arrangements originaux h\u00e9rit\u00e9s de leurs diverses influences.<\/span><span style=\"color: #b39542; font-family: helvetica, arial, sans-serif;\"><span style=\"font-size: 10pt;\">&nbsp;<\/span><\/span><\/p>\n<p style=\"text-align: justify;\"><span style=\"font-size: 10pt; color: #b39542; font-family: helvetica, arial, sans-serif;\"> Le public participe \u00e0 l\u2019ambiance en chantant les refrains avec le groupe. Convivialit\u00e9 et interactivit\u00e9 sont les ma\u00eetres mots du spectacle que propose ce duo de la r\u00e9gion parisienne. <\/span><\/p>\n<p style=\"text-align: justify;\"><span style=\"font-size: 10pt; color: #b39542;\"><span style=\"font-family: helvetica, arial, sans-serif;\"> Une soir\u00e9e festive en perspective \u2026<\/span> <\/span><\/p>\n<p style=\"text-align: justify;\"><span style=\"font-size: 10pt;\">&nbsp;<\/span><\/p>\n<p style=\"text-align: justify;\"><span style=\"font-size: 10pt;\">&nbsp;<\/span><\/p>\n<p style=\"text-align: center;\"><img loading=\"lazy\" decoding=\"async\" class=\"aligncenter wp-image-1033 \" src=\"https:\/\/hardearly.com\/2bisbros\/wp-content\/images\/2019\/2 Bis 2019.jpg\" alt=\"\" width=\"244\" height=\"293\"><\/p>\n<p style=\"text-align: center;\"><strong><strong><strong>&nbsp;<\/strong><\/strong><\/strong><\/p>\n<\/div>\n<div>\n<h4>Influences:<\/h4>\n<\/div>\n<div><span style=\"color: #a18535;\">POP 60&prime;, 70&prime;, 80&prime;, 90&prime; et 2000<\/span><\/div>\n<\/div><\/section><\/div>\n<style type=\"text\/css\" data-created_by=\"avia_inline_auto\" id=\"style-css-av-62m9-2aff3e4b41b7a41f6dd95e40c8327b8a\">\n.flex_column.av-62m9-2aff3e4b41b7a41f6dd95e40c8327b8a{\nborder-radius:0px 0px 0px 0px;\npadding:0px 0px 0px 0px;\n}\n<\/style>\n<div  class='flex_column av-62m9-2aff3e4b41b7a41f6dd95e40c8327b8a av_two_fifth  avia-builder-el-2  el_after_av_three_fifth  avia-builder-el-last  flex_column_div av-zero-column-padding  '     ><div  class='avia-builder-widget-area clearfix  avia-builder-el-3  avia-builder-el-no-sibling '><div id=\"custom_html-2\" class=\"widget_text widget clearfix widget_custom_html\"><div class=\"textwidget custom-html-widget\"><h3 class=\"widgettitle\">2 Bis Brothers Player<\/h3>\r\n<iframe loading=\"lazy\" src=\"https:\/\/hardearly.com\/2bisbros\/wp-content\/plugins\/html5tap-pro\/responsive\/index.html?jdata=https%3A%2F%2Fhardearly.com%2F2bisbros%2Fhtml5tap%2Fbis-brothers-player%2F\" frameborder=\"0\" marginheight=\"0\" marginwidth=\"0\" scrolling=\"yes\" width=\"100%\" height=\"580\"><\/iframe>\r\n<h3 class=\"widgettitle\">Videos Star<\/h3>\r\n<iframe loading=\"lazy\" width=\"100%\" height=\"250\" src=\"https:\/\/www.youtube.com\/embed\/5rTXT9twHZ4\" frameborder=\"0\" allowfullscreen><\/iframe>\r\n<iframe loading=\"lazy\" width=\"100%\" height=\"250\" src=\"https:\/\/www.youtube.com\/embed\/sgq72LQCG-8\" frameborder=\"0\" allowfullscreen><\/iframe><\/div><\/div><\/div><\/div><\/p>\n","protected":false},"excerpt":{"rendered":"","protected":false},"author":2,"featured_media":0,"parent":0,"menu_order":0,"comment_status":"closed","ping_status":"closed","template":"","meta":{"ngg_post_thumbnail":0,"footnotes":""},"class_list":["post-9","page","type-page","status-publish","hentry"],"yoast_head":"<!-- This site is optimized with the Yoast SEO plugin v27.5 - https:\/\/yoast.com\/product\/yoast-seo-wordpress\/ -->\n<title>2 Bis Brothers - Site Officiel<\/title>\n<meta name=\"robots\" content=\"index, follow, max-snippet:-1, max-image-preview:large, max-video-preview:-1\" \/>\n<link rel=\"canonical\" href=\"https:\/\/hardearly.com\/2bisbros\/2-bis-brothers-site-officiel\/\" \/>\n<meta property=\"og:locale\" content=\"fr_FR\" \/>\n<meta property=\"og:type\" content=\"article\" \/>\n<meta property=\"og:title\" content=\"2 Bis Brothers - Site Officiel\" \/>\n<meta property=\"og:url\" content=\"https:\/\/hardearly.com\/2bisbros\/2-bis-brothers-site-officiel\/\" \/>\n<meta property=\"og:site_name\" content=\"2 Bis Brothers - Site Officiel\" \/>\n<meta property=\"article:modified_time\" content=\"2025-09-04T16:52:06+00:00\" \/>\n<meta property=\"og:image\" content=\"https:\/\/hardearly.com\/2bisbros\/wp-content\/uploads\/2017\/03\/imdf.jpg\" \/>\n<meta name=\"twitter:card\" content=\"summary_large_image\" \/>\n<meta name=\"twitter:label1\" content=\"Dur\u00e9e de lecture estim\u00e9e\" \/>\n\t<meta name=\"twitter:data1\" content=\"2 minutes\" \/>\n<script type=\"application\/ld+json\" class=\"yoast-schema-graph\">{\"@context\":\"https:\\\/\\\/schema.org\",\"@graph\":[{\"@type\":\"WebPage\",\"@id\":\"https:\\\/\\\/hardearly.com\\\/2bisbros\\\/2-bis-brothers-site-officiel\\\/\",\"url\":\"https:\\\/\\\/hardearly.com\\\/2bisbros\\\/2-bis-brothers-site-officiel\\\/\",\"name\":\"2 Bis Brothers - Site Officiel\",\"isPartOf\":{\"@id\":\"https:\\\/\\\/hardearly.com\\\/2bisbros\\\/#website\"},\"primaryImageOfPage\":{\"@id\":\"https:\\\/\\\/hardearly.com\\\/2bisbros\\\/2-bis-brothers-site-officiel\\\/#primaryimage\"},\"image\":{\"@id\":\"https:\\\/\\\/hardearly.com\\\/2bisbros\\\/2-bis-brothers-site-officiel\\\/#primaryimage\"},\"thumbnailUrl\":\"http:\\\/\\\/hardearly.com\\\/2bisbros\\\/wp-content\\\/uploads\\\/2017\\\/03\\\/imdf.jpg\",\"datePublished\":\"2017-03-24T14:54:06+00:00\",\"dateModified\":\"2025-09-04T16:52:06+00:00\",\"breadcrumb\":{\"@id\":\"https:\\\/\\\/hardearly.com\\\/2bisbros\\\/2-bis-brothers-site-officiel\\\/#breadcrumb\"},\"inLanguage\":\"fr-FR\",\"potentialAction\":[{\"@type\":\"ReadAction\",\"target\":[\"https:\\\/\\\/hardearly.com\\\/2bisbros\\\/2-bis-brothers-site-officiel\\\/\"]}]},{\"@type\":\"ImageObject\",\"inLanguage\":\"fr-FR\",\"@id\":\"https:\\\/\\\/hardearly.com\\\/2bisbros\\\/2-bis-brothers-site-officiel\\\/#primaryimage\",\"url\":\"http:\\\/\\\/hardearly.com\\\/2bisbros\\\/wp-content\\\/uploads\\\/2017\\\/03\\\/imdf.jpg\",\"contentUrl\":\"http:\\\/\\\/hardearly.com\\\/2bisbros\\\/wp-content\\\/uploads\\\/2017\\\/03\\\/imdf.jpg\"},{\"@type\":\"BreadcrumbList\",\"@id\":\"https:\\\/\\\/hardearly.com\\\/2bisbros\\\/2-bis-brothers-site-officiel\\\/#breadcrumb\",\"itemListElement\":[{\"@type\":\"ListItem\",\"position\":1,\"name\":\"Accueil\",\"item\":\"https:\\\/\\\/hardearly.com\\\/2bisbros\\\/2-bis-brothers-site-officiel\\\/\"},{\"@type\":\"ListItem\",\"position\":2,\"name\":\"Accueil\"}]},{\"@type\":\"WebSite\",\"@id\":\"https:\\\/\\\/hardearly.com\\\/2bisbros\\\/#website\",\"url\":\"https:\\\/\\\/hardearly.com\\\/2bisbros\\\/\",\"name\":\"2 Bis Brothers - Site Officiel\",\"description\":\"\",\"potentialAction\":[{\"@type\":\"SearchAction\",\"target\":{\"@type\":\"EntryPoint\",\"urlTemplate\":\"https:\\\/\\\/hardearly.com\\\/2bisbros\\\/?s={search_term_string}\"},\"query-input\":{\"@type\":\"PropertyValueSpecification\",\"valueRequired\":true,\"valueName\":\"search_term_string\"}}],\"inLanguage\":\"fr-FR\"}]}<\/script>\n<!-- \/ Yoast SEO plugin. -->","yoast_head_json":{"title":"2 Bis Brothers - Site Officiel","robots":{"index":"index","follow":"follow","max-snippet":"max-snippet:-1","max-image-preview":"max-image-preview:large","max-video-preview":"max-video-preview:-1"},"canonical":"https:\/\/hardearly.com\/2bisbros\/2-bis-brothers-site-officiel\/","og_locale":"fr_FR","og_type":"article","og_title":"2 Bis Brothers - Site Officiel","og_url":"https:\/\/hardearly.com\/2bisbros\/2-bis-brothers-site-officiel\/","og_site_name":"2 Bis Brothers - Site Officiel","article_modified_time":"2025-09-04T16:52:06+00:00","og_image":[{"url":"https:\/\/hardearly.com\/2bisbros\/wp-content\/uploads\/2017\/03\/imdf.jpg","type":"","width":"","height":""}],"twitter_card":"summary_large_image","twitter_misc":{"Dur\u00e9e de lecture estim\u00e9e":"2 minutes"},"schema":{"@context":"https:\/\/schema.org","@graph":[{"@type":"WebPage","@id":"https:\/\/hardearly.com\/2bisbros\/2-bis-brothers-site-officiel\/","url":"https:\/\/hardearly.com\/2bisbros\/2-bis-brothers-site-officiel\/","name":"2 Bis Brothers - Site Officiel","isPartOf":{"@id":"https:\/\/hardearly.com\/2bisbros\/#website"},"primaryImageOfPage":{"@id":"https:\/\/hardearly.com\/2bisbros\/2-bis-brothers-site-officiel\/#primaryimage"},"image":{"@id":"https:\/\/hardearly.com\/2bisbros\/2-bis-brothers-site-officiel\/#primaryimage"},"thumbnailUrl":"https:\/\/hardearly.com\/2bisbros\/wp-content\/uploads\/2017\/03\/imdf.jpg","datePublished":"2017-03-24T14:54:06+00:00","dateModified":"2025-09-04T16:52:06+00:00","breadcrumb":{"@id":"https:\/\/hardearly.com\/2bisbros\/2-bis-brothers-site-officiel\/#breadcrumb"},"inLanguage":"fr-FR","potentialAction":[{"@type":"ReadAction","target":["https:\/\/hardearly.com\/2bisbros\/2-bis-brothers-site-officiel\/"]}]},{"@type":"ImageObject","inLanguage":"fr-FR","@id":"https:\/\/hardearly.com\/2bisbros\/2-bis-brothers-site-officiel\/#primaryimage","url":"https:\/\/hardearly.com\/2bisbros\/wp-content\/uploads\/2017\/03\/imdf.jpg","contentUrl":"https:\/\/hardearly.com\/2bisbros\/wp-content\/uploads\/2017\/03\/imdf.jpg"},{"@type":"BreadcrumbList","@id":"https:\/\/hardearly.com\/2bisbros\/2-bis-brothers-site-officiel\/#breadcrumb","itemListElement":[{"@type":"ListItem","position":1,"name":"Accueil","item":"https:\/\/hardearly.com\/2bisbros\/2-bis-brothers-site-officiel\/"},{"@type":"ListItem","position":2,"name":"Accueil"}]},{"@type":"WebSite","@id":"https:\/\/hardearly.com\/2bisbros\/#website","url":"https:\/\/hardearly.com\/2bisbros\/","name":"2 Bis Brothers - Site Officiel","description":"","potentialAction":[{"@type":"SearchAction","target":{"@type":"EntryPoint","urlTemplate":"https:\/\/hardearly.com\/2bisbros\/?s={search_term_string}"},"query-input":{"@type":"PropertyValueSpecification","valueRequired":true,"valueName":"search_term_string"}}],"inLanguage":"fr-FR"}]}},"_links":{"self":[{"href":"https:\/\/hardearly.com\/2bisbros\/wp-json\/wp\/v2\/pages\/9","targetHints":{"allow":["GET"]}}],"collection":[{"href":"https:\/\/hardearly.com\/2bisbros\/wp-json\/wp\/v2\/pages"}],"about":[{"href":"https:\/\/hardearly.com\/2bisbros\/wp-json\/wp\/v2\/types\/page"}],"author":[{"embeddable":true,"href":"https:\/\/hardearly.com\/2bisbros\/wp-json\/wp\/v2\/users\/2"}],"replies":[{"embeddable":true,"href":"https:\/\/hardearly.com\/2bisbros\/wp-json\/wp\/v2\/comments?post=9"}],"version-history":[{"count":71,"href":"https:\/\/hardearly.com\/2bisbros\/wp-json\/wp\/v2\/pages\/9\/revisions"}],"predecessor-version":[{"id":1218,"href":"https:\/\/hardearly.com\/2bisbros\/wp-json\/wp\/v2\/pages\/9\/revisions\/1218"}],"wp:attachment":[{"href":"https:\/\/hardearly.com\/2bisbros\/wp-json\/wp\/v2\/media?parent=9"}],"curies":[{"name":"wp","href":"https:\/\/api.w.org\/{rel}","templated":true}]}}